{"id":991,"date":"2020-12-23T14:10:14","date_gmt":"2020-12-23T13:10:14","guid":{"rendered":"http:\/\/fokusthun.ch\/fotografie\/?page_id=991"},"modified":"2026-03-05T15:51:52","modified_gmt":"2026-03-05T14:51:52","slug":"info","status":"publish","type":"page","link":"https:\/\/fokusthun.ch\/fotografie\/info\/","title":{"rendered":"Info"},"content":{"rendered":"<div id=\"pl-gb991-69e62b06f0882\"  class=\"panel-layout\" ><div id=\"pg-gb991-69e62b06f0882-0\"  class=\"panel-grid panel-has-style\" ><div class=\"siteorigin-panels-stretch panel-row-style panel-row-style-for-gb991-69e62b06f0882-0\" data-stretch-type=\"full-stretched\" ><div id=\"pgc-gb991-69e62b06f0882-0-0\"  class=\"panel-grid-cell\" ><div id=\"panel-gb991-69e62b06f0882-0-0-0\" class=\"so-panel widget widget_text panel-first-child panel-last-child\" data-index=\"0\" >\t\t\t<div class=\"textwidget\"><p>&nbsp;<\/p>\n<p>&nbsp;<\/p>\n<p>&nbsp;<\/p>\n<p>&nbsp;<\/p>\n<p>&nbsp;<\/p>\n<p>&nbsp;<\/p>\n<p>&nbsp;<\/p>\n<p>&nbsp;<\/p>\n<\/div>\n\t\t<\/div><\/div><\/div><\/div><div id=\"pg-gb991-69e62b06f0882-1\"  class=\"panel-grid panel-has-style\" ><div class=\"siteorigin-panels-stretch panel-row-style panel-row-style-for-gb991-69e62b06f0882-1\" data-stretch-type=\"full-stretched\" ><div id=\"pgc-gb991-69e62b06f0882-1-0\"  class=\"panel-grid-cell panel-grid-cell-empty\" ><\/div><div id=\"pgc-gb991-69e62b06f0882-1-1\"  class=\"panel-grid-cell panel-grid-cell-mobile-last\" ><div id=\"panel-gb991-69e62b06f0882-1-1-0\" class=\"so-panel widget widget_text panel-first-child panel-last-child\" data-index=\"1\" ><div class=\"panel-widget-style panel-widget-style-for-gb991-69e62b06f0882-1-1-0\" >\t\t\t<div class=\"textwidget\"><p><strong>Philosophie<\/strong><\/p>\n<p>Mit seinen <a href=\"https:\/\/luftbild-drohne-thun.ch\" target=\"_blank\" rel=\"noopener\">Luftbildern<\/a> hat sich Christoph Gerber als Drohnen-Fotograf einen Namen gemacht. Er versteht aber ebenfalls das Handwerk des <a href=\"https:\/\/fokusthun.ch\/fotografie\/top-auswahl\/\" target=\"_blank\" rel=\"noopener\">Fotografierens mit der Kamera in der Hand<\/a>, dabei entstehen auch vom Boden aus brillante Aufnahmen.<\/p>\n<p>Nach M\u00f6glichkeit arbeitet er ohne zus\u00e4tzliche Lichtquellen, um die Gegebenheiten vor Ort in nat\u00fcrlicher Weise darzustellen. Dabei geht Christoph Gerber ganz auf die W\u00fcnsche und Vorstellungen des Kunden \/ der Kundin ein und erzielt durch die Zugabe seiner Erfahrungen und Ideen das bestm\u00f6glichste Resultat.<\/p>\n<p>Sein Arbeitsgebiet sind vor allem Business Portraits und Reportagen f\u00fcr Firmen ebenso wie Architektur &#8211; Fotografien.<\/p>\n<p>Christoph Gerber arbeitet als selbst\u00e4ndiger Fotograf in der Region Thun \/ Berner Oberland f\u00fcr Unternehmen und Beh\u00f6rden. Regelm\u00e4ssig sind auch Bilder von ihm im Thuner Tagblatt zu sehen.<\/p>\n<\/div>\n\t\t<\/div><\/div><\/div><div id=\"pgc-gb991-69e62b06f0882-1-2\"  class=\"panel-grid-cell panel-grid-cell-empty\" ><\/div><\/div><\/div><div id=\"pg-gb991-69e62b06f0882-2\"  class=\"panel-grid panel-has-style\" ><div class=\"siteorigin-panels-stretch panel-row-style panel-row-style-for-gb991-69e62b06f0882-2\" data-stretch-type=\"full-stretched\" ><div id=\"pgc-gb991-69e62b06f0882-2-0\"  class=\"panel-grid-cell panel-grid-cell-empty\" ><\/div><div id=\"pgc-gb991-69e62b06f0882-2-1\"  class=\"panel-grid-cell\" ><div id=\"panel-gb991-69e62b06f0882-2-1-0\" class=\"so-panel widget widget_text panel-first-child panel-last-child\" data-index=\"2\" ><div class=\"panel-widget-style panel-widget-style-for-gb991-69e62b06f0882-2-1-0\" >\t\t\t<div class=\"textwidget\"><p><strong>Kunden \/ Referenzen (Auszug)<\/strong><\/p>\n<ul>\n<li>&#8211; Thuner Tagblatt<\/li>\n<li>&#8211; Berner Zeitung<\/li>\n<li>&#8211; Stadt Thun<\/li>\n<li>&#8211; Gemeinde Uetendorf<\/li>\n<li>&#8211; PricewaterhouseCoopers AG (PwC)<\/li>\n<li>&#8211; Coop Genossenschaft<\/li>\n<li>&#8211; BLS AG<\/li>\n<li>&#8211; Brainpark (Netzwerk-\/Werbeagentur)<\/li>\n<li>&#8211; Reactive Physiotherapie<\/li>\n<li>&#8211; Navica Treuhand AG<\/li>\n<li>&#8211; Allenbach Solarholzbauer<\/li>\n<li>&#8211; Stadtoptik Thun<\/li>\n<li>&#8211; NZZ Libro Verlag<\/li>\n<\/ul>\n<\/div>\n\t\t<\/div><\/div><\/div><div id=\"pgc-gb991-69e62b06f0882-2-2\"  class=\"panel-grid-cell panel-grid-cell-mobile-last\" ><div id=\"panel-gb991-69e62b06f0882-2-2-0\" class=\"so-panel widget widget_text panel-first-child panel-last-child\" data-index=\"3\" ><div class=\"panel-widget-style panel-widget-style-for-gb991-69e62b06f0882-2-2-0\" >\t\t\t<div class=\"textwidget\"><p><strong>Impressum<\/strong><\/p>\n<p>Web Design: Christoph Gerber<\/p>\n<p>Copyright \u00a92026: Fotografie Fokus Thun (Christoph Gerber)<\/p>\n<p>Alle Bilder auf dieser Website sind urheberrechtlich gesch\u00fctzt und d\u00fcrfen nicht ohne die ausdr\u00fcckliche Zustimmung von Fotografie Fokus Thun (Christoph Gerber) reproduziert oder ver\u00f6ffentlicht werden.<\/p>\n<\/div>\n\t\t<\/div><\/div><\/div><div id=\"pgc-gb991-69e62b06f0882-2-3\"  class=\"panel-grid-cell panel-grid-cell-empty\" ><\/div><\/div><\/div><\/div>\n\n\n<p><\/p>\n","protected":false},"excerpt":{"rendered":"","protected":false},"author":1,"featured_media":0,"parent":0,"menu_order":0,"comment_status":"closed","ping_status":"closed","template":"template-transparent-header.php","meta":{"footnotes":""},"class_list":["post-991","page","type-page","status-publish","hentry"],"yoast_head":"<!-- This site is optimized with the Yoast SEO plugin v21.6 - https:\/\/yoast.com\/wordpress\/plugins\/seo\/ -->\n<title>Fotografie Fokus Thun | Fotograf in Thun und Umgebung | F\u00fcr Unternehmen und Beh\u00f6rden<\/title>\n<meta name=\"description\" content=\"Fotograf Thun - Berner Oberland | Business Portraits | Reportage | Architektur | Luftaufnahmen | F\u00fcr Unternehmen und Beh\u00f6rden\" \/>\n<meta name=\"robots\" content=\"index, follow, max-snippet:-1, max-image-preview:large, max-video-preview:-1\" \/>\n<link rel=\"canonical\" href=\"https:\/\/fokusthun.ch\/fotografie\/info\/\" \/>\n<meta property=\"og:locale\" content=\"de_DE\" \/>\n<meta property=\"og:type\" content=\"article\" \/>\n<meta property=\"og:title\" content=\"Fotografie Fokus Thun | Fotograf in Thun und Umgebung | F\u00fcr Unternehmen und Beh\u00f6rden\" \/>\n<meta property=\"og:description\" content=\"Fotograf Thun - Berner Oberland | Business Portraits | Reportage | Architektur | Luftaufnahmen | F\u00fcr Unternehmen und Beh\u00f6rden\" \/>\n<meta property=\"og:url\" content=\"https:\/\/fokusthun.ch\/fotografie\/info\/\" \/>\n<meta property=\"og:site_name\" content=\"Fotografie Fokus Thun\" \/>\n<meta property=\"article:publisher\" content=\"https:\/\/www.facebook.com\/fokusthun\" \/>\n<meta property=\"article:modified_time\" content=\"2026-03-05T14:51:52+00:00\" \/>\n<meta name=\"twitter:card\" content=\"summary_large_image\" \/>\n<meta name=\"twitter:label1\" content=\"Gesch\u00e4tzte Lesezeit\" \/>\n\t<meta name=\"twitter:data1\" content=\"2\u00a0Minuten\" \/>\n<script type=\"application\/ld+json\" class=\"yoast-schema-graph\">{\"@context\":\"https:\/\/schema.org\",\"@graph\":[{\"@type\":\"WebPage\",\"@id\":\"https:\/\/fokusthun.ch\/fotografie\/info\/\",\"url\":\"https:\/\/fokusthun.ch\/fotografie\/info\/\",\"name\":\"Fotografie Fokus Thun | Fotograf in Thun und Umgebung | F\u00fcr Unternehmen und Beh\u00f6rden\",\"isPartOf\":{\"@id\":\"https:\/\/fokusthun.ch\/fotografie\/#website\"},\"datePublished\":\"2020-12-23T13:10:14+00:00\",\"dateModified\":\"2026-03-05T14:51:52+00:00\",\"description\":\"Fotograf Thun - Berner Oberland | Business Portraits | Reportage | Architektur | Luftaufnahmen | F\u00fcr Unternehmen und Beh\u00f6rden\",\"breadcrumb\":{\"@id\":\"https:\/\/fokusthun.ch\/fotografie\/info\/#breadcrumb\"},\"inLanguage\":\"de\",\"potentialAction\":[{\"@type\":\"ReadAction\",\"target\":[\"https:\/\/fokusthun.ch\/fotografie\/info\/\"]}]},{\"@type\":\"BreadcrumbList\",\"@id\":\"https:\/\/fokusthun.ch\/fotografie\/info\/#breadcrumb\",\"itemListElement\":[{\"@type\":\"ListItem\",\"position\":1,\"name\":\"Startseite\",\"item\":\"https:\/\/fokusthun.ch\/fotografie\/\"},{\"@type\":\"ListItem\",\"position\":2,\"name\":\"Info\"}]},{\"@type\":\"WebSite\",\"@id\":\"https:\/\/fokusthun.ch\/fotografie\/#website\",\"url\":\"https:\/\/fokusthun.ch\/fotografie\/\",\"name\":\"Fotografie Fokus Thun\",\"description\":\"Christoph Gerber, Fotograf fokussiert auf den Raum Thun\",\"publisher\":{\"@id\":\"https:\/\/fokusthun.ch\/fotografie\/#organization\"},\"potentialAction\":[{\"@type\":\"SearchAction\",\"target\":{\"@type\":\"EntryPoint\",\"urlTemplate\":\"https:\/\/fokusthun.ch\/fotografie\/?s={search_term_string}\"},\"query-input\":\"required name=search_term_string\"}],\"inLanguage\":\"de\"},{\"@type\":\"Organization\",\"@id\":\"https:\/\/fokusthun.ch\/fotografie\/#organization\",\"name\":\"Fotografie Fokus Thun\",\"url\":\"https:\/\/fokusthun.ch\/fotografie\/\",\"logo\":{\"@type\":\"ImageObject\",\"inLanguage\":\"de\",\"@id\":\"https:\/\/fokusthun.ch\/fotografie\/#\/schema\/logo\/image\/\",\"url\":\"https:\/\/fokusthun.ch\/fotografie\/wp-content\/uploads\/2020\/12\/logo-fokusthun_original.png\",\"contentUrl\":\"https:\/\/fokusthun.ch\/fotografie\/wp-content\/uploads\/2020\/12\/logo-fokusthun_original.png\",\"width\":2050,\"height\":1100,\"caption\":\"Fotografie Fokus Thun\"},\"image\":{\"@id\":\"https:\/\/fokusthun.ch\/fotografie\/#\/schema\/logo\/image\/\"},\"sameAs\":[\"https:\/\/www.facebook.com\/fokusthun\",\"https:\/\/www.instagram.com\/fotografie_fokus_thun\"]}]}<\/script>\n<!-- \/ Yoast SEO plugin. -->","yoast_head_json":{"title":"Fotografie Fokus Thun | Fotograf in Thun und Umgebung | F\u00fcr Unternehmen und Beh\u00f6rden","description":"Fotograf Thun - Berner Oberland | Business Portraits | Reportage | Architektur | Luftaufnahmen | F\u00fcr Unternehmen und Beh\u00f6rden","robots":{"index":"index","follow":"follow","max-snippet":"max-snippet:-1","max-image-preview":"max-image-preview:large","max-video-preview":"max-video-preview:-1"},"canonical":"https:\/\/fokusthun.ch\/fotografie\/info\/","og_locale":"de_DE","og_type":"article","og_title":"Fotografie Fokus Thun | Fotograf in Thun und Umgebung | F\u00fcr Unternehmen und Beh\u00f6rden","og_description":"Fotograf Thun - Berner Oberland | Business Portraits | Reportage | Architektur | Luftaufnahmen | F\u00fcr Unternehmen und Beh\u00f6rden","og_url":"https:\/\/fokusthun.ch\/fotografie\/info\/","og_site_name":"Fotografie Fokus Thun","article_publisher":"https:\/\/www.facebook.com\/fokusthun","article_modified_time":"2026-03-05T14:51:52+00:00","twitter_card":"summary_large_image","twitter_misc":{"Gesch\u00e4tzte Lesezeit":"2\u00a0Minuten"},"schema":{"@context":"https:\/\/schema.org","@graph":[{"@type":"WebPage","@id":"https:\/\/fokusthun.ch\/fotografie\/info\/","url":"https:\/\/fokusthun.ch\/fotografie\/info\/","name":"Fotografie Fokus Thun | Fotograf in Thun und Umgebung | F\u00fcr Unternehmen und Beh\u00f6rden","isPartOf":{"@id":"https:\/\/fokusthun.ch\/fotografie\/#website"},"datePublished":"2020-12-23T13:10:14+00:00","dateModified":"2026-03-05T14:51:52+00:00","description":"Fotograf Thun - Berner Oberland | Business Portraits | Reportage | Architektur | Luftaufnahmen | F\u00fcr Unternehmen und Beh\u00f6rden","breadcrumb":{"@id":"https:\/\/fokusthun.ch\/fotografie\/info\/#breadcrumb"},"inLanguage":"de","potentialAction":[{"@type":"ReadAction","target":["https:\/\/fokusthun.ch\/fotografie\/info\/"]}]},{"@type":"BreadcrumbList","@id":"https:\/\/fokusthun.ch\/fotografie\/info\/#breadcrumb","itemListElement":[{"@type":"ListItem","position":1,"name":"Startseite","item":"https:\/\/fokusthun.ch\/fotografie\/"},{"@type":"ListItem","position":2,"name":"Info"}]},{"@type":"WebSite","@id":"https:\/\/fokusthun.ch\/fotografie\/#website","url":"https:\/\/fokusthun.ch\/fotografie\/","name":"Fotografie Fokus Thun","description":"Christoph Gerber, Fotograf fokussiert auf den Raum Thun","publisher":{"@id":"https:\/\/fokusthun.ch\/fotografie\/#organization"},"potentialAction":[{"@type":"SearchAction","target":{"@type":"EntryPoint","urlTemplate":"https:\/\/fokusthun.ch\/fotografie\/?s={search_term_string}"},"query-input":"required name=search_term_string"}],"inLanguage":"de"},{"@type":"Organization","@id":"https:\/\/fokusthun.ch\/fotografie\/#organization","name":"Fotografie Fokus Thun","url":"https:\/\/fokusthun.ch\/fotografie\/","logo":{"@type":"ImageObject","inLanguage":"de","@id":"https:\/\/fokusthun.ch\/fotografie\/#\/schema\/logo\/image\/","url":"https:\/\/fokusthun.ch\/fotografie\/wp-content\/uploads\/2020\/12\/logo-fokusthun_original.png","contentUrl":"https:\/\/fokusthun.ch\/fotografie\/wp-content\/uploads\/2020\/12\/logo-fokusthun_original.png","width":2050,"height":1100,"caption":"Fotografie Fokus Thun"},"image":{"@id":"https:\/\/fokusthun.ch\/fotografie\/#\/schema\/logo\/image\/"},"sameAs":["https:\/\/www.facebook.com\/fokusthun","https:\/\/www.instagram.com\/fotografie_fokus_thun"]}]}},"_links":{"self":[{"href":"https:\/\/fokusthun.ch\/fotografie\/wp-json\/wp\/v2\/pages\/991","targetHints":{"allow":["GET"]}}],"collection":[{"href":"https:\/\/fokusthun.ch\/fotografie\/wp-json\/wp\/v2\/pages"}],"about":[{"href":"https:\/\/fokusthun.ch\/fotografie\/wp-json\/wp\/v2\/types\/page"}],"author":[{"embeddable":true,"href":"https:\/\/fokusthun.ch\/fotografie\/wp-json\/wp\/v2\/users\/1"}],"replies":[{"embeddable":true,"href":"https:\/\/fokusthun.ch\/fotografie\/wp-json\/wp\/v2\/comments?post=991"}],"version-history":[{"count":103,"href":"https:\/\/fokusthun.ch\/fotografie\/wp-json\/wp\/v2\/pages\/991\/revisions"}],"predecessor-version":[{"id":1274,"href":"https:\/\/fokusthun.ch\/fotografie\/wp-json\/wp\/v2\/pages\/991\/revisions\/1274"}],"wp:attachment":[{"href":"https:\/\/fokusthun.ch\/fotografie\/wp-json\/wp\/v2\/media?parent=991"}],"curies":[{"name":"wp","href":"https:\/\/api.w.org\/{rel}","templated":true}]}}