{"id":988,"date":"2020-12-23T14:06:43","date_gmt":"2020-12-23T13:06:43","guid":{"rendered":"http:\/\/fokusthun.ch\/fotografie\/?page_id=988"},"modified":"2020-12-23T14:06:43","modified_gmt":"2020-12-23T13:06:43","slug":"freie-arbeiten","status":"publish","type":"page","link":"https:\/\/fokusthun.ch\/fotografie\/freie-arbeiten\/","title":{"rendered":"Freie Arbeiten"},"content":{"rendered":"<div id=\"pl-gb988-69e62a1880c07\"  class=\"panel-layout\" ><div id=\"pg-gb988-69e62a1880c07-0\"  class=\"panel-grid panel-has-style\" ><div class=\"siteorigin-panels-stretch panel-row-style panel-row-style-for-gb988-69e62a1880c07-0\" data-stretch-type=\"full-stretched\" ><div id=\"pgc-gb988-69e62a1880c07-0-0\"  class=\"panel-grid-cell\" ><\/div><\/div><\/div><\/div>","protected":false},"excerpt":{"rendered":"","protected":false},"author":1,"featured_media":0,"parent":0,"menu_order":0,"comment_status":"closed","ping_status":"closed","template":"template-transparent-header.php","meta":{"footnotes":""},"class_list":["post-988","page","type-page","status-publish","hentry"],"yoast_head":"<!-- This site is optimized with the Yoast SEO plugin v21.6 - https:\/\/yoast.com\/wordpress\/plugins\/seo\/ -->\n<title>Fotografie Fokus Thun | Freie Arbeiten<\/title>\n<meta name=\"description\" content=\"Mit seinen Luftbildern hat sich Christoph Gerber als Drohnen-Fotograf einen Namen gemacht. Er versteht aber ebenfalls das Handwerk des Fotografierens mit der Kamera in der Hand, dabei entstehen auch vom Boden aus brillante Aufnahmen.Nach M\u00f6glichkeit arbeitet er ohne zus\u00e4tzliche Lichtquellen, um die Gegebenheiten vor Ort in nat\u00fcrlicher Weise darzustellen. Dabei geht Christoph Gerber ganz auf die W\u00fcnsche und Vorstellungen des Kunden ein und erzielt durch die Zugabe seiner Erfahrungen und Ideen das bestm\u00f6glichste Resultat. Sein Arbeitsgebiet sind vor allem Portraits und Reportage-Arbeiten ebenso wie Architektur- und Sport-Fotografien sowie Luftaufnahmen.Christoph Gerber arbeitet als selbst\u00e4ndiger Fotograf in der Region Thun \/ Berner Oberland f\u00fcr Unternehmen sowie f\u00fcr Private. Regelm\u00e4ssig sind auch Bilder von ihm im Thuner Tagblatt zu sehen. %\" \/>\n<meta name=\"robots\" content=\"index, follow, max-snippet:-1, max-image-preview:large, max-video-preview:-1\" \/>\n<link rel=\"canonical\" href=\"https:\/\/fokusthun.ch\/fotografie\/freie-arbeiten\/\" \/>\n<meta property=\"og:locale\" content=\"de_DE\" \/>\n<meta property=\"og:type\" content=\"article\" \/>\n<meta property=\"og:title\" content=\"Fotografie Fokus Thun | Freie Arbeiten\" \/>\n<meta property=\"og:description\" content=\"Mit seinen Luftbildern hat sich Christoph Gerber als Drohnen-Fotograf einen Namen gemacht. Er versteht aber ebenfalls das Handwerk des Fotografierens mit der Kamera in der Hand, dabei entstehen auch vom Boden aus brillante Aufnahmen.Nach M\u00f6glichkeit arbeitet er ohne zus\u00e4tzliche Lichtquellen, um die Gegebenheiten vor Ort in nat\u00fcrlicher Weise darzustellen. Dabei geht Christoph Gerber ganz auf die W\u00fcnsche und Vorstellungen des Kunden ein und erzielt durch die Zugabe seiner Erfahrungen und Ideen das bestm\u00f6glichste Resultat. Sein Arbeitsgebiet sind vor allem Portraits und Reportage-Arbeiten ebenso wie Architektur- und Sport-Fotografien sowie Luftaufnahmen.Christoph Gerber arbeitet als selbst\u00e4ndiger Fotograf in der Region Thun \/ Berner Oberland f\u00fcr Unternehmen sowie f\u00fcr Private. Regelm\u00e4ssig sind auch Bilder von ihm im Thuner Tagblatt zu sehen. %\" \/>\n<meta property=\"og:url\" content=\"https:\/\/fokusthun.ch\/fotografie\/freie-arbeiten\/\" \/>\n<meta property=\"og:site_name\" content=\"Fotografie Fokus Thun\" \/>\n<meta property=\"article:publisher\" content=\"https:\/\/www.facebook.com\/fokusthun\" \/>\n<meta name=\"twitter:card\" content=\"summary_large_image\" \/>\n<script type=\"application\/ld+json\" class=\"yoast-schema-graph\">{\"@context\":\"https:\/\/schema.org\",\"@graph\":[{\"@type\":\"WebPage\",\"@id\":\"https:\/\/fokusthun.ch\/fotografie\/freie-arbeiten\/\",\"url\":\"https:\/\/fokusthun.ch\/fotografie\/freie-arbeiten\/\",\"name\":\"Fotografie Fokus Thun | Freie Arbeiten\",\"isPartOf\":{\"@id\":\"https:\/\/fokusthun.ch\/fotografie\/#website\"},\"datePublished\":\"2020-12-23T13:06:43+00:00\",\"dateModified\":\"2020-12-23T13:06:43+00:00\",\"description\":\"Mit seinen Luftbildern hat sich Christoph Gerber als Drohnen-Fotograf einen Namen gemacht. Er versteht aber ebenfalls das Handwerk des Fotografierens mit der Kamera in der Hand, dabei entstehen auch vom Boden aus brillante Aufnahmen.Nach M\u00f6glichkeit arbeitet er ohne zus\u00e4tzliche Lichtquellen, um die Gegebenheiten vor Ort in nat\u00fcrlicher Weise darzustellen. Dabei geht Christoph Gerber ganz auf die W\u00fcnsche und Vorstellungen des Kunden ein und erzielt durch die Zugabe seiner Erfahrungen und Ideen das bestm\u00f6glichste Resultat. Sein Arbeitsgebiet sind vor allem Portraits und Reportage-Arbeiten ebenso wie Architektur- und Sport-Fotografien sowie Luftaufnahmen.Christoph Gerber arbeitet als selbst\u00e4ndiger Fotograf in der Region Thun \/ Berner Oberland f\u00fcr Unternehmen sowie f\u00fcr Private. Regelm\u00e4ssig sind auch Bilder von ihm im Thuner Tagblatt zu sehen. %\",\"breadcrumb\":{\"@id\":\"https:\/\/fokusthun.ch\/fotografie\/freie-arbeiten\/#breadcrumb\"},\"inLanguage\":\"de\",\"potentialAction\":[{\"@type\":\"ReadAction\",\"target\":[\"https:\/\/fokusthun.ch\/fotografie\/freie-arbeiten\/\"]}]},{\"@type\":\"BreadcrumbList\",\"@id\":\"https:\/\/fokusthun.ch\/fotografie\/freie-arbeiten\/#breadcrumb\",\"itemListElement\":[{\"@type\":\"ListItem\",\"position\":1,\"name\":\"Startseite\",\"item\":\"https:\/\/fokusthun.ch\/fotografie\/\"},{\"@type\":\"ListItem\",\"position\":2,\"name\":\"Freie Arbeiten\"}]},{\"@type\":\"WebSite\",\"@id\":\"https:\/\/fokusthun.ch\/fotografie\/#website\",\"url\":\"https:\/\/fokusthun.ch\/fotografie\/\",\"name\":\"Fotografie Fokus Thun\",\"description\":\"Christoph Gerber, Fotograf fokussiert auf den Raum Thun\",\"publisher\":{\"@id\":\"https:\/\/fokusthun.ch\/fotografie\/#organization\"},\"potentialAction\":[{\"@type\":\"SearchAction\",\"target\":{\"@type\":\"EntryPoint\",\"urlTemplate\":\"https:\/\/fokusthun.ch\/fotografie\/?s={search_term_string}\"},\"query-input\":\"required name=search_term_string\"}],\"inLanguage\":\"de\"},{\"@type\":\"Organization\",\"@id\":\"https:\/\/fokusthun.ch\/fotografie\/#organization\",\"name\":\"Fotografie Fokus Thun\",\"url\":\"https:\/\/fokusthun.ch\/fotografie\/\",\"logo\":{\"@type\":\"ImageObject\",\"inLanguage\":\"de\",\"@id\":\"https:\/\/fokusthun.ch\/fotografie\/#\/schema\/logo\/image\/\",\"url\":\"https:\/\/fokusthun.ch\/fotografie\/wp-content\/uploads\/2020\/12\/logo-fokusthun_original.png\",\"contentUrl\":\"https:\/\/fokusthun.ch\/fotografie\/wp-content\/uploads\/2020\/12\/logo-fokusthun_original.png\",\"width\":2050,\"height\":1100,\"caption\":\"Fotografie Fokus Thun\"},\"image\":{\"@id\":\"https:\/\/fokusthun.ch\/fotografie\/#\/schema\/logo\/image\/\"},\"sameAs\":[\"https:\/\/www.facebook.com\/fokusthun\",\"https:\/\/www.instagram.com\/fotografie_fokus_thun\"]}]}<\/script>\n<!-- \/ Yoast SEO plugin. -->","yoast_head_json":{"title":"Fotografie Fokus Thun | Freie Arbeiten","description":"Mit seinen Luftbildern hat sich Christoph Gerber als Drohnen-Fotograf einen Namen gemacht. Er versteht aber ebenfalls das Handwerk des Fotografierens mit der Kamera in der Hand, dabei entstehen auch vom Boden aus brillante Aufnahmen.Nach M\u00f6glichkeit arbeitet er ohne zus\u00e4tzliche Lichtquellen, um die Gegebenheiten vor Ort in nat\u00fcrlicher Weise darzustellen. Dabei geht Christoph Gerber ganz auf die W\u00fcnsche und Vorstellungen des Kunden ein und erzielt durch die Zugabe seiner Erfahrungen und Ideen das bestm\u00f6glichste Resultat. Sein Arbeitsgebiet sind vor allem Portraits und Reportage-Arbeiten ebenso wie Architektur- und Sport-Fotografien sowie Luftaufnahmen.Christoph Gerber arbeitet als selbst\u00e4ndiger Fotograf in der Region Thun \/ Berner Oberland f\u00fcr Unternehmen sowie f\u00fcr Private. Regelm\u00e4ssig sind auch Bilder von ihm im Thuner Tagblatt zu sehen. %","robots":{"index":"index","follow":"follow","max-snippet":"max-snippet:-1","max-image-preview":"max-image-preview:large","max-video-preview":"max-video-preview:-1"},"canonical":"https:\/\/fokusthun.ch\/fotografie\/freie-arbeiten\/","og_locale":"de_DE","og_type":"article","og_title":"Fotografie Fokus Thun | Freie Arbeiten","og_description":"Mit seinen Luftbildern hat sich Christoph Gerber als Drohnen-Fotograf einen Namen gemacht. Er versteht aber ebenfalls das Handwerk des Fotografierens mit der Kamera in der Hand, dabei entstehen auch vom Boden aus brillante Aufnahmen.Nach M\u00f6glichkeit arbeitet er ohne zus\u00e4tzliche Lichtquellen, um die Gegebenheiten vor Ort in nat\u00fcrlicher Weise darzustellen. Dabei geht Christoph Gerber ganz auf die W\u00fcnsche und Vorstellungen des Kunden ein und erzielt durch die Zugabe seiner Erfahrungen und Ideen das bestm\u00f6glichste Resultat. Sein Arbeitsgebiet sind vor allem Portraits und Reportage-Arbeiten ebenso wie Architektur- und Sport-Fotografien sowie Luftaufnahmen.Christoph Gerber arbeitet als selbst\u00e4ndiger Fotograf in der Region Thun \/ Berner Oberland f\u00fcr Unternehmen sowie f\u00fcr Private. Regelm\u00e4ssig sind auch Bilder von ihm im Thuner Tagblatt zu sehen. %","og_url":"https:\/\/fokusthun.ch\/fotografie\/freie-arbeiten\/","og_site_name":"Fotografie Fokus Thun","article_publisher":"https:\/\/www.facebook.com\/fokusthun","twitter_card":"summary_large_image","schema":{"@context":"https:\/\/schema.org","@graph":[{"@type":"WebPage","@id":"https:\/\/fokusthun.ch\/fotografie\/freie-arbeiten\/","url":"https:\/\/fokusthun.ch\/fotografie\/freie-arbeiten\/","name":"Fotografie Fokus Thun | Freie Arbeiten","isPartOf":{"@id":"https:\/\/fokusthun.ch\/fotografie\/#website"},"datePublished":"2020-12-23T13:06:43+00:00","dateModified":"2020-12-23T13:06:43+00:00","description":"Mit seinen Luftbildern hat sich Christoph Gerber als Drohnen-Fotograf einen Namen gemacht. Er versteht aber ebenfalls das Handwerk des Fotografierens mit der Kamera in der Hand, dabei entstehen auch vom Boden aus brillante Aufnahmen.Nach M\u00f6glichkeit arbeitet er ohne zus\u00e4tzliche Lichtquellen, um die Gegebenheiten vor Ort in nat\u00fcrlicher Weise darzustellen. Dabei geht Christoph Gerber ganz auf die W\u00fcnsche und Vorstellungen des Kunden ein und erzielt durch die Zugabe seiner Erfahrungen und Ideen das bestm\u00f6glichste Resultat. Sein Arbeitsgebiet sind vor allem Portraits und Reportage-Arbeiten ebenso wie Architektur- und Sport-Fotografien sowie Luftaufnahmen.Christoph Gerber arbeitet als selbst\u00e4ndiger Fotograf in der Region Thun \/ Berner Oberland f\u00fcr Unternehmen sowie f\u00fcr Private. Regelm\u00e4ssig sind auch Bilder von ihm im Thuner Tagblatt zu sehen. %","breadcrumb":{"@id":"https:\/\/fokusthun.ch\/fotografie\/freie-arbeiten\/#breadcrumb"},"inLanguage":"de","potentialAction":[{"@type":"ReadAction","target":["https:\/\/fokusthun.ch\/fotografie\/freie-arbeiten\/"]}]},{"@type":"BreadcrumbList","@id":"https:\/\/fokusthun.ch\/fotografie\/freie-arbeiten\/#breadcrumb","itemListElement":[{"@type":"ListItem","position":1,"name":"Startseite","item":"https:\/\/fokusthun.ch\/fotografie\/"},{"@type":"ListItem","position":2,"name":"Freie Arbeiten"}]},{"@type":"WebSite","@id":"https:\/\/fokusthun.ch\/fotografie\/#website","url":"https:\/\/fokusthun.ch\/fotografie\/","name":"Fotografie Fokus Thun","description":"Christoph Gerber, Fotograf fokussiert auf den Raum Thun","publisher":{"@id":"https:\/\/fokusthun.ch\/fotografie\/#organization"},"potentialAction":[{"@type":"SearchAction","target":{"@type":"EntryPoint","urlTemplate":"https:\/\/fokusthun.ch\/fotografie\/?s={search_term_string}"},"query-input":"required name=search_term_string"}],"inLanguage":"de"},{"@type":"Organization","@id":"https:\/\/fokusthun.ch\/fotografie\/#organization","name":"Fotografie Fokus Thun","url":"https:\/\/fokusthun.ch\/fotografie\/","logo":{"@type":"ImageObject","inLanguage":"de","@id":"https:\/\/fokusthun.ch\/fotografie\/#\/schema\/logo\/image\/","url":"https:\/\/fokusthun.ch\/fotografie\/wp-content\/uploads\/2020\/12\/logo-fokusthun_original.png","contentUrl":"https:\/\/fokusthun.ch\/fotografie\/wp-content\/uploads\/2020\/12\/logo-fokusthun_original.png","width":2050,"height":1100,"caption":"Fotografie Fokus Thun"},"image":{"@id":"https:\/\/fokusthun.ch\/fotografie\/#\/schema\/logo\/image\/"},"sameAs":["https:\/\/www.facebook.com\/fokusthun","https:\/\/www.instagram.com\/fotografie_fokus_thun"]}]}},"_links":{"self":[{"href":"https:\/\/fokusthun.ch\/fotografie\/wp-json\/wp\/v2\/pages\/988","targetHints":{"allow":["GET"]}}],"collection":[{"href":"https:\/\/fokusthun.ch\/fotografie\/wp-json\/wp\/v2\/pages"}],"about":[{"href":"https:\/\/fokusthun.ch\/fotografie\/wp-json\/wp\/v2\/types\/page"}],"author":[{"embeddable":true,"href":"https:\/\/fokusthun.ch\/fotografie\/wp-json\/wp\/v2\/users\/1"}],"replies":[{"embeddable":true,"href":"https:\/\/fokusthun.ch\/fotografie\/wp-json\/wp\/v2\/comments?post=988"}],"version-history":[{"count":1,"href":"https:\/\/fokusthun.ch\/fotografie\/wp-json\/wp\/v2\/pages\/988\/revisions"}],"predecessor-version":[{"id":990,"href":"https:\/\/fokusthun.ch\/fotografie\/wp-json\/wp\/v2\/pages\/988\/revisions\/990"}],"wp:attachment":[{"href":"https:\/\/fokusthun.ch\/fotografie\/wp-json\/wp\/v2\/media?parent=988"}],"curies":[{"name":"wp","href":"https:\/\/api.w.org\/{rel}","templated":true}]}}